{"id":55,"date":"2025-10-06T17:37:40","date_gmt":"2025-10-06T17:37:40","guid":{"rendered":"https:\/\/reitstall-peters.de\/?page_id=55"},"modified":"2025-10-06T17:37:42","modified_gmt":"2025-10-06T17:37:42","slug":"kontakt","status":"publish","type":"page","link":"https:\/\/reitstall-peters.de\/?page_id=55","title":{"rendered":"Kontakt"},"content":{"rendered":"<div class=\"\" style=\"\" >\n  \n    <section class=\"u-align-center u-clearfix u-container-align-center u-palette-1-light-1 u-section-1\" id=\"carousel_91ec\">\n      <div class=\"u-align-center u-container-align-center u-container-style u-expanded-width u-group u-image u-shading u-image-1\" data-image-width=\"1333\" data-image-height=\"682\" style=\"background-image: linear-gradient(0deg, rgba(0, 0, 0, 0.01), rgba(0, 0, 0, 0.01)), url(&quot;https:\/\/reitstall-peters.de\/wp-content\/uploads\/2025\/10\/foto-neu-start.jpg&quot;);\">\n        <div class=\"u-container-layout u-container-layout-1\">\n          <h1 class=\"u-align-center u-text u-text-body-alt-color u-text-1\" data-animation-name=\"customAnimationIn\" data-animation-duration=\"1500\" data-animation-delay=\"500\"><span style=\"font-size: 3rem;\">Pferdesport und Erholung <\/span><span style=\"font-size: 3rem;\">\n              <br>in Baitz im Fl\u00e4ming<\/span>\n            <br>\n          <\/h1>\n        <\/div>\n      <\/div>\n      <div class=\"u-container-style u-expanded-width u-group u-palette-1-base u-group-2\">\n        <div class=\"u-container-layout u-valign-top-lg u-valign-top-sm u-container-layout-2\">\n          <div class=\"custom-expanded u-list u-list-1\">\n            <div class=\"u-repeater u-repeater-1\">\n              <div class=\"u-container-style u-list-item u-radius u-repeater-item u-shape-round u-white u-list-item-1\" data-animation-name=\"customAnimationIn\" data-animation-duration=\"1500\" data-animation-delay=\"500\">\n                <div class=\"u-container-layout u-similar-container u-container-layout-3\">\n                  <h4 class=\"u-align-left u-text u-text-2\">&nbsp;&nbsp;&nbsp; Kontakt - Impressum<br>\n                  <\/h4>\n                  <p class=\"u-align-left u-text u-text-3\"><span style=\"font-weight: 700;\">Reitstall Peters GbR<\/span>\n                    <br>Katrin Komitsch und Jan Peters<br> Im Winkel 16&nbsp; - <font>14822 Br\u00fcck OT Baitz <br>Tel.\n                    <\/font>\n                    <font> 033841 33874 <\/font>\n                    <br>\n                    <font>Mail: <\/font>\n                    <font>reitstall-peters@t-online.de<br>St.Nr. \n                    <\/font>\n                    <font>04729903774 FA Potsdam<\/font>\n                    <br>\n                    <font>\n                      <a href=\"https:\/\/reitstall-peters.de\/wp-content\/uploads\/2025\/10\/Datenschutz-Peters-GbR.pdf\" class=\"u-active-none u-border-none u-btn u-button-link u-button-style u-file-link u-hover-none u-none u-text-palette-1-base u-btn-1\" target=\"_blank\">Datenschutzerkl\u00e4rung<\/a>\n                    <\/font>\n                    <br>\n                  <\/p>\n                  <img decoding=\"async\" class=\"u-expanded-width-xs u-image u-image-default u-image-2\" src=\"https:\/\/reitstall-peters.de\/wp-content\/uploads\/2025\/10\/aa-aa-kontakt.jpg\" alt=\"\" data-image-width=\"468\" data-image-height=\"199\">\n                <\/div>\n              <\/div>\n            <\/div>\n          <\/div>\n        <\/div>\n      <\/div>\n    <\/section>\n    <section class=\"u-clearfix u-valign-middle-sm u-section-2\" id=\"carousel_5adf\">\n      <div class=\"data-layout-selected u-clearfix u-expanded-width u-gutter-0 u-layout-wrap u-radius u-layout-wrap-1\">\n        <div class=\"u-layout\">\n          <div class=\"u-layout-row\">\n            <div class=\"u-align-center u-container-align-center u-container-style u-layout-cell u-left-cell u-palette-1-light-1 u-shape-rectangle u-size-60 u-layout-cell-1\" data-animation-name=\"flipIn\" data-animation-duration=\"1500\" data-animation-delay=\"700\" data-animation-direction=\"X\">\n              <div class=\"u-container-layout u-container-layout-1\"><\/div>\n            <\/div>\n          <\/div>\n        <\/div>\n      <\/div>\n      <div class=\"custom-expanded data-layout-selected u-clearfix u-layout-wrap u-layout-wrap-2\">\n        <div class=\"u-layout\">\n          <div class=\"u-layout-row\">\n            <div class=\"u-container-align-center u-container-style u-layout-cell u-shape-rectangle u-size-60 u-layout-cell-2\">\n              <div class=\"u-container-layout u-container-layout-2\">\n                <div class=\"u-absolute-hcenter u-expanded u-grey-light-2 u-map\">\n                  <div class=\"embed-responsive\">\n                    <iframe class=\"embed-responsive-item\" src=\"https:\/\/maps.google.com\/maps?output=embed&amp;q=14822%20Br%C3%BCck%20OT%20Baitz%2C%20%20Im%20Winkel%2016&amp;z=10&amp;t=m\" data-map=\"JTdCJTIyYWRkcmVzcyUyMiUzQSUyMjE0ODIyJTIwQnIlQzMlQkNjayUyME9UJTIwQmFpdHolMkMlMjAlMjBJbSUyMFdpbmtlbCUyMDE2JTIyJTJDJTIyem9vbSUyMiUzQTEwJTJDJTIydHlwZUlkJTIyJTNBJTIycm9hZCUyMiUyQyUyMmxhbmclMjIlM0FudWxsJTJDJTIyYXBpS2V5JTIyJTNBbnVsbCUyQyUyMm1hcmtlcnMlMjIlM0ElNUIlNUQlN0Q=\"><\/iframe>\n                  <\/div>\n                <\/div>\n              <\/div>\n            <\/div>\n          <\/div>\n        <\/div>\n      <\/div>\n    <\/section>\n    <section class=\"u-align-center-sm u-align-center-xs u-clearfix u-palette-1-light-2 u-section-3\" id=\"carousel_aa9f\">\n      <div class=\"u-clearfix u-sheet u-valign-middle-md u-valign-middle-xs u-sheet-1\">\n        <p class=\"u-align-center u-text u-text-1\">\n          <a href=\"https:\/\/www.google.com\/url?sa=t&amp;source=web&amp;rct=j&amp;opi=89978449&amp;url=\/maps\/place\/\/data%3D!4m2!3m1!1s0x47a89a6700b17407:0x9188ffd184ce78c4%3Fsa%3DX%26ved%3D1t:8290%26ictx%3D111&amp;ved=2ahUKEwj9j6-S4NWLAxUNBtsEHT24IBUQ4kB6BAgkEAM&amp;usg=AOvVaw36n5MZVSQirUn-4kIhNkuB\" class=\"u-active-none u-border-none u-btn u-button-style u-hover-none u-none u-text-palette-1-base u-btn-1\"><span style=\"font-weight: 700;\">Reitstall Peters&nbsp;&nbsp; <\/span>\n            <br><span style=\"font-weight: 700;\">Im Winkel 22 &nbsp; 14822 Br\u00fcck<\/span>\n          <\/a><span style=\"font-weight: 700;\">\n            <br><span class=\"u-text-palette-1-dark-1\">&nbsp;&nbsp; Mail <font>reitstall-peters@t-online.de<\/font><\/span><\/span>\n          <br>\n        <\/p>\n      <\/div>\n    <\/section>\n    <section class=\"u-clearfix u-container-align-center u-palette-1-light-2 u-section-4\" id=\"block-1\">\n      <div class=\"u-clearfix u-sheet u-sheet-1\"><\/div>\n    <\/section>\n    \n    \n    \n    \n  \n<\/div>","protected":false},"excerpt":{"rendered":"<p>Pferdesport und Erholung in Baitz im Fl\u00e4ming &nbsp;&nbsp;&nbsp; Kontakt &#8211; Impressum Reitstall Peters GbR Katrin Komitsch und Jan Peters Im Winkel 16&nbsp; &#8211; 14822 Br\u00fcck OT Baitz Tel. 033841 33874 Mail: reitstall-peters@t-online.deSt.Nr. 04729903774 FA Potsdam Datenschutzerkl\u00e4rung Reitstall Peters&nbsp;&nbsp; Im Winkel 22 &nbsp; 14822 Br\u00fcck &nbsp;&nbsp; Mail reitstall-peters@t-online.de<\/p>\n","protected":false},"author":1,"featured_media":0,"parent":0,"menu_order":6,"comment_status":"closed","ping_status":"closed","template":"","meta":{"footnotes":""},"class_list":["post-55","page","type-page","status-publish","hentry"],"_links":{"self":[{"href":"https:\/\/reitstall-peters.de\/index.php?rest_route=\/wp\/v2\/pages\/55","targetHints":{"allow":["GET"]}}],"collection":[{"href":"https:\/\/reitstall-peters.de\/index.php?rest_route=\/wp\/v2\/pages"}],"about":[{"href":"https:\/\/reitstall-peters.de\/index.php?rest_route=\/wp\/v2\/types\/page"}],"author":[{"embeddable":true,"href":"https:\/\/reitstall-peters.de\/index.php?rest_route=\/wp\/v2\/users\/1"}],"replies":[{"embeddable":true,"href":"https:\/\/reitstall-peters.de\/index.php?rest_route=%2Fwp%2Fv2%2Fcomments&post=55"}],"version-history":[{"count":1,"href":"https:\/\/reitstall-peters.de\/index.php?rest_route=\/wp\/v2\/pages\/55\/revisions"}],"predecessor-version":[{"id":62,"href":"https:\/\/reitstall-peters.de\/index.php?rest_route=\/wp\/v2\/pages\/55\/revisions\/62"}],"wp:attachment":[{"href":"https:\/\/reitstall-peters.de\/index.php?rest_route=%2Fwp%2Fv2%2Fmedia&parent=55"}],"curies":[{"name":"wp","href":"https:\/\/api.w.org\/{rel}","templated":true}]}}