{"id":54,"date":"2025-10-06T17:37:39","date_gmt":"2025-10-06T17:37:39","guid":{"rendered":"https:\/\/reitstall-peters.de\/?page_id=54"},"modified":"2025-10-06T17:37:42","modified_gmt":"2025-10-06T17:37:42","slug":"reitstall","status":"publish","type":"page","link":"https:\/\/reitstall-peters.de\/?page_id=54","title":{"rendered":"Reitstall"},"content":{"rendered":"<div class=\"\" style=\"\" >\n  \n    <section class=\"u-align-center u-clearfix u-container-align-center u-palette-1-light-1 u-section-1\" id=\"carousel_91ec\">\n      <img decoding=\"async\" class=\"u-image u-image-default u-image-1\" src=\"https:\/\/reitstall-peters.de\/wp-content\/uploads\/2025\/10\/hof-1.jpg\" alt=\"\" data-image-width=\"2312\" data-image-height=\"1734\">\n      <div class=\"u-container-style u-expanded-width u-group u-palette-1-base u-group-1\">\n        <div class=\"u-container-layout u-valign-top u-container-layout-1\">\n          <p class=\"u-text u-text-1\"> Unsere gro\u00dfz\u00fcgige Anlage bietet viel Platz f\u00fcr Sport-unfd Freizeitreiter. Bei uns leben <font>Pensionspferde in ger\u00e4umigen Boxen mit t\u00e4glichem Koppelgang oder nur Wiesenhaltung. Reithalle 20 x 60m, F\u00fchranlage, gro\u00dfe Au\u00dfenreitpl\u00e4tze, sowie Ausreitgel\u00e4nde ab Hof.<br>\n              <a href=\"https:\/\/reitstall-peters.de\/wp-content\/uploads\/2025\/10\/Preise-Reitstall.pdf\" class=\"u-active-none u-border-none u-btn u-button-link u-button-style u-file-link u-hover-none u-none u-text-white u-btn-1\" target=\"_blank\">Aktuelle Preisliste des Pensionsstalls und Preise der Reitstunden<br>\n              <\/a>\n            <\/font>\n          <\/p>\n        <\/div>\n      <\/div>\n    <\/section>\n    <section class=\"u-clearfix u-valign-middle-sm u-section-2\" id=\"carousel_5adf\">\n      <div class=\"data-layout-selected u-clearfix u-expanded-width u-gutter-0 u-layout-wrap u-radius u-layout-wrap-1\">\n        <div class=\"u-layout\">\n          <div class=\"u-layout-row\">\n            <div class=\"u-align-center u-container-align-center u-container-style u-layout-cell u-left-cell u-palette-1-light-1 u-shape-rectangle u-size-60 u-layout-cell-1\" data-animation-name=\"flipIn\" data-animation-duration=\"1500\" data-animation-delay=\"700\" data-animation-direction=\"X\">\n              <div class=\"u-container-layout u-container-layout-1\">\n                <div class=\"custom-expanded u-list u-list-1\">\n                  <div class=\"u-repeater u-repeater-1\">\n                    <div class=\"u-container-style u-list-item u-radius u-repeater-item u-shape-round u-white u-list-item-1\" data-animation-name=\"customAnimationIn\" data-animation-duration=\"1500\" data-animation-delay=\"500\">\n                      <div class=\"u-container-layout u-similar-container u-container-layout-2\"><\/div>\n                    <\/div>\n                  <\/div>\n                <\/div>\n                <div class=\"custom-expanded u-gallery u-layout-grid u-lightbox u-no-transition u-show-text-none u-gallery-1\">\n                  <div class=\"u-gallery-inner u-gallery-inner-1\">\n                    <div class=\"u-effect-hover-zoom u-gallery-item\">\n                      <div class=\"u-back-slide\" data-image-width=\"1472\" data-image-height=\"769\">\n                        <img decoding=\"async\" class=\"u-back-image u-expanded\" src=\"https:\/\/reitstall-peters.de\/wp-content\/uploads\/2025\/10\/alt-1.jpg\">\n                      <\/div>\n                      <div class=\"u-over-slide u-shading u-over-slide-1\"><\/div>\n                    <\/div>\n                    <div class=\"u-effect-hover-zoom u-gallery-item\">\n                      <div class=\"u-back-slide\" data-image-width=\"1582\" data-image-height=\"891\">\n                        <img decoding=\"async\" class=\"u-back-image u-expanded\" src=\"https:\/\/reitstall-peters.de\/wp-content\/uploads\/2025\/10\/Dressurplatz-2.jpg\">\n                      <\/div>\n                      <div class=\"u-over-slide u-shading u-over-slide-2\"><\/div>\n                    <\/div>\n                    <div class=\"u-effect-hover-zoom u-gallery-item\">\n                      <div class=\"u-back-slide\" data-image-width=\"1396\" data-image-height=\"667\">\n                        <img decoding=\"async\" class=\"u-back-image u-expanded\" src=\"https:\/\/reitstall-peters.de\/wp-content\/uploads\/2025\/10\/alt-3.jpg\">\n                      <\/div>\n                      <div class=\"u-over-slide u-shading u-over-slide-3\"><\/div>\n                    <\/div>\n                  <\/div>\n                <\/div>\n                <div class=\"custom-expanded u-gallery u-layout-grid u-lightbox u-no-transition u-show-text-none u-gallery-2\">\n                  <div class=\"u-gallery-inner u-gallery-inner-2\">\n                    <div class=\"u-effect-hover-zoom u-gallery-item\">\n                      <div class=\"u-back-slide\" data-image-width=\"1857\" data-image-height=\"1097\">\n                        <img decoding=\"async\" class=\"u-back-image u-expanded\" src=\"https:\/\/reitstall-peters.de\/wp-content\/uploads\/2025\/10\/Aufenthaltsraum.jpg\">\n                      <\/div>\n                      <div class=\"u-over-slide u-shading u-over-slide-4\"><\/div>\n                    <\/div>\n                    <div class=\"u-effect-hover-zoom u-gallery-item\">\n                      <div class=\"u-back-slide\" data-image-width=\"485\" data-image-height=\"306\">\n                        <img decoding=\"async\" class=\"u-back-image u-expanded\" src=\"https:\/\/reitstall-peters.de\/wp-content\/uploads\/2025\/10\/Abzeichen.jpeg\">\n                      <\/div>\n                      <div class=\"u-over-slide u-shading u-over-slide-5\"><\/div>\n                    <\/div>\n                    <div class=\"u-effect-hover-zoom u-gallery-item\">\n                      <div class=\"u-back-slide\" data-image-width=\"394\" data-image-height=\"261\">\n                        <img decoding=\"async\" class=\"u-back-image u-expanded\" src=\"https:\/\/reitstall-peters.de\/wp-content\/uploads\/2025\/10\/alt-2.jpg\">\n                      <\/div>\n                      <div class=\"u-over-slide u-shading u-over-slide-6\"><\/div>\n                    <\/div>\n                    <div class=\"u-effect-hover-zoom u-gallery-item\">\n                      <div class=\"u-back-slide\" data-image-width=\"2311\" data-image-height=\"1291\">\n                        <img decoding=\"async\" class=\"u-back-image u-expanded\" src=\"https:\/\/reitstall-peters.de\/wp-content\/uploads\/2025\/10\/halle-aus.jpg\">\n                      <\/div>\n                      <div class=\"u-over-slide u-shading u-over-slide-7\"><\/div>\n                    <\/div>\n                    <div class=\"u-effect-hover-zoom u-gallery-item\">\n                      <div class=\"u-back-slide\" data-image-width=\"2299\" data-image-height=\"903\">\n                        <img decoding=\"async\" class=\"u-back-image u-expanded\" src=\"https:\/\/reitstall-peters.de\/wp-content\/uploads\/2025\/10\/fn-sch-neu.jpg\">\n                      <\/div>\n                      <div class=\"u-over-slide u-shading u-over-slide-8\"><\/div>\n                    <\/div>\n                    <div class=\"u-effect-hover-zoom u-gallery-item\">\n                      <div class=\"u-back-slide\" data-image-width=\"1451\" data-image-height=\"928\">\n                        <img decoding=\"async\" class=\"u-back-image u-expanded\" src=\"https:\/\/reitstall-peters.de\/wp-content\/uploads\/2025\/10\/aussen-neu.jpg\">\n                      <\/div>\n                      <div class=\"u-over-slide u-shading u-over-slide-9\"><\/div>\n                    <\/div>\n                  <\/div>\n                <\/div>\n              <\/div>\n            <\/div>\n          <\/div>\n        <\/div>\n      <\/div>\n    <\/section>\n    <section class=\"u-align-center-sm u-align-center-xs u-clearfix u-palette-1-light-2 u-section-3\" id=\"carousel_aa9f\">\n      <div class=\"u-clearfix u-sheet u-valign-middle-xs u-sheet-1\">\n        <p class=\"u-align-center u-text u-text-1\">\n          <a href=\"https:\/\/www.google.com\/url?sa=t&amp;source=web&amp;rct=j&amp;opi=89978449&amp;url=\/maps\/place\/\/data%3D!4m2!3m1!1s0x47a89a6700b17407:0x9188ffd184ce78c4%3Fsa%3DX%26ved%3D1t:8290%26ictx%3D111&amp;ved=2ahUKEwj9j6-S4NWLAxUNBtsEHT24IBUQ4kB6BAgkEAM&amp;usg=AOvVaw36n5MZVSQirUn-4kIhNkuB\" class=\"u-active-none u-border-none u-btn u-button-style u-hover-none u-none u-text-palette-1-base u-btn-1\"><span style=\"font-weight: 700;\">Reitstall Peters&nbsp;&nbsp; <\/span>\n            <br><span style=\"font-weight: 700;\">Im Winkel 22 &nbsp; 14822 Br\u00fcck<\/span>\n          <\/a><span style=\"font-weight: 700;\">\n            <br><span class=\"u-text-palette-1-dark-1\">&nbsp;&nbsp; Mail <font>reitstall-peters@t-online.de<br>\n              <\/font><\/span><\/span>&nbsp;<span style=\"font-weight: 700;\" class=\"u-text-palette-1-dark-1\">Tel. 033841 33874<\/span>\n        <\/p>\n      <\/div>\n    <\/section>\n    <section class=\"u-clearfix u-container-align-center u-palette-1-light-2 u-section-4\" id=\"block-1\">\n      <div class=\"u-clearfix u-sheet u-sheet-1\"><\/div>\n    <\/section>\n    \n    \n    \n    \n  \n<\/div>","protected":false},"excerpt":{"rendered":"<p>Unsere gro\u00dfz\u00fcgige Anlage bietet viel Platz f\u00fcr Sport-unfd Freizeitreiter. Bei uns leben Pensionspferde in ger\u00e4umigen Boxen mit t\u00e4glichem Koppelgang oder nur Wiesenhaltung. Reithalle 20 x 60m, F\u00fchranlage, gro\u00dfe Au\u00dfenreitpl\u00e4tze, sowie Ausreitgel\u00e4nde ab Hof. Aktuelle Preisliste des Pensionsstalls und Preise der Reitstunden Reitstall Peters&nbsp;&nbsp; Im Winkel 22 &nbsp; 14822 Br\u00fcck &nbsp;&nbsp; Mail reitstall-peters@t-online.de &nbsp;Tel. 033841 33874<\/p>\n","protected":false},"author":1,"featured_media":0,"parent":0,"menu_order":5,"comment_status":"closed","ping_status":"closed","template":"","meta":{"footnotes":""},"class_list":["post-54","page","type-page","status-publish","hentry"],"_links":{"self":[{"href":"https:\/\/reitstall-peters.de\/index.php?rest_route=\/wp\/v2\/pages\/54","targetHints":{"allow":["GET"]}}],"collection":[{"href":"https:\/\/reitstall-peters.de\/index.php?rest_route=\/wp\/v2\/pages"}],"about":[{"href":"https:\/\/reitstall-peters.de\/index.php?rest_route=\/wp\/v2\/types\/page"}],"author":[{"embeddable":true,"href":"https:\/\/reitstall-peters.de\/index.php?rest_route=\/wp\/v2\/users\/1"}],"replies":[{"embeddable":true,"href":"https:\/\/reitstall-peters.de\/index.php?rest_route=%2Fwp%2Fv2%2Fcomments&post=54"}],"version-history":[{"count":1,"href":"https:\/\/reitstall-peters.de\/index.php?rest_route=\/wp\/v2\/pages\/54\/revisions"}],"predecessor-version":[{"id":61,"href":"https:\/\/reitstall-peters.de\/index.php?rest_route=\/wp\/v2\/pages\/54\/revisions\/61"}],"wp:attachment":[{"href":"https:\/\/reitstall-peters.de\/index.php?rest_route=%2Fwp%2Fv2%2Fmedia&parent=54"}],"curies":[{"name":"wp","href":"https:\/\/api.w.org\/{rel}","templated":true}]}}